{"id":3493,"date":"2026-02-23T22:57:47","date_gmt":"2026-02-23T22:57:47","guid":{"rendered":"https:\/\/www.hospitalelnaranjo.com\/portal\/?page_id=3493"},"modified":"2026-02-23T23:01:49","modified_gmt":"2026-02-23T23:01:49","slug":"terminos-y-condiciones","status":"publish","type":"page","link":"https:\/\/www.hospitalelnaranjo.com\/portal\/terminos-y-condiciones\/","title":{"rendered":"T\u00e9rminos y Condiciones"},"content":{"rendered":"<style>.elementor-3493 .elementor-element.elementor-element-646e7b1{--display:flex;--padding-top:80px;--padding-bottom:80px;--padding-left:0px;--padding-right:0px;}.elementor-widget-heading .elementor-heading-title{font-family:var( --e-global-typography-primary-font-family ), Sans-serif;font-weight:var( --e-global-typography-primary-font-weight );color:var( --e-global-color-primary );}.elementor-3493 .elementor-element.elementor-element-4789852{text-align:center;}.elementor-3493 .elementor-element.elementor-element-4789852 .elementor-heading-title{font-family:\"Jost\", Sans-serif;font-weight:600;text-transform:uppercase;color:var( --e-global-color-text );}.elementor-widget-text-editor{font-family:var( --e-global-typography-text-font-family ), Sans-serif;font-weight:var( --e-global-typography-text-font-weight );color:var( --e-global-color-text );}.elementor-widget-text-editor.elementor-drop-cap-view-stacked .elementor-drop-cap{background-color:var( --e-global-color-primary );}.elementor-widget-text-editor.elementor-drop-cap-view-framed .elementor-drop-cap, .elementor-widget-text-editor.elementor-drop-cap-view-default .elementor-drop-cap{color:var( --e-global-color-primary );border-color:var( --e-global-color-primary );}.elementor-3493 .elementor-element.elementor-element-3228300{font-family:\"Jost\", Sans-serif;font-size:18px;font-weight:400;}:root{--page-title-display:none;}<\/style>\t\t<div data-elementor-type=\"wp-page\" data-elementor-id=\"3493\" class=\"elementor elementor-3493\" data-elementor-post-type=\"page\">\n\t\t\t\t<div class=\"elementor-element elementor-element-646e7b1 e-flex e-con-boxed e-con e-parent\" data-id=\"646e7b1\" data-element_type=\"container\" data-e-type=\"container\">\n\t\t\t\t\t<div class=\"e-con-inner\">\n\t\t\t\t<div class=\"elementor-element elementor-element-4789852 elementor-widget elementor-widget-heading\" data-id=\"4789852\" data-element_type=\"widget\" data-e-type=\"widget\" data-widget_type=\"heading.default\">\n\t\t\t\t\t<h1 class=\"elementor-heading-title elementor-size-default\">T\u00e9rminos y Condiciones<\/h1>\t\t\t\t<\/div>\n\t\t\t\t<div class=\"elementor-element elementor-element-3228300 elementor-widget elementor-widget-text-editor\" data-id=\"3228300\" data-element_type=\"widget\" data-e-type=\"widget\" data-widget_type=\"text-editor.default\">\n\t\t\t\t\t\t\t\t\t<h3 data-start=\"583\" data-end=\"608\">1. Informaci\u00f3n general<\/h3><p data-start=\"610\" data-end=\"729\">El presente sitio web es operado por <strong data-start=\"647\" data-end=\"670\">Hospital El Naranjo<\/strong>, instituci\u00f3n de servicios de salud ubicada en Guatemala.<\/p><p data-start=\"731\" data-end=\"824\">Al acceder y utilizar este sitio web, el usuario acepta los presentes T\u00e9rminos y Condiciones.<\/p><hr data-start=\"826\" data-end=\"829\" \/><h3 data-start=\"831\" data-end=\"854\">2. Uso del sitio web<\/h3><p data-start=\"856\" data-end=\"1024\">El contenido del sitio web tiene car\u00e1cter informativo y est\u00e1 destinado a proporcionar informaci\u00f3n general sobre los servicios m\u00e9dicos ofrecidos por Hospital El Naranjo.<\/p><p data-start=\"1026\" data-end=\"1138\">El uso de la informaci\u00f3n publicada no sustituye la consulta m\u00e9dica profesional ni constituye diagn\u00f3stico m\u00e9dico.<\/p><p data-start=\"1140\" data-end=\"1167\">El usuario se compromete a:<\/p><ul data-start=\"1169\" data-end=\"1352\"><li data-start=\"1169\" data-end=\"1208\"><p data-start=\"1171\" data-end=\"1208\">Utilizar el sitio de manera l\u00edcita.<\/p><\/li><li data-start=\"1209\" data-end=\"1289\"><p data-start=\"1211\" data-end=\"1289\">No realizar actividades que afecten la seguridad o funcionamiento del sitio.<\/p><\/li><li data-start=\"1290\" data-end=\"1352\"><p data-start=\"1292\" data-end=\"1352\">No intentar acceder a \u00e1reas restringidas sin autorizaci\u00f3n.<\/p><\/li><\/ul><hr data-start=\"1354\" data-end=\"1357\" \/><h3 data-start=\"1359\" data-end=\"1386\">3. Propiedad intelectual<\/h3><p data-start=\"1388\" data-end=\"1576\">Todo el contenido del sitio web, incluyendo textos, im\u00e1genes, logotipos, dise\u00f1o, estructura y elementos gr\u00e1ficos, es propiedad de Hospital El Naranjo o cuenta con autorizaci\u00f3n para su uso.<\/p><p data-start=\"1578\" data-end=\"1675\">Queda prohibida su reproducci\u00f3n, distribuci\u00f3n o modificaci\u00f3n sin autorizaci\u00f3n previa por escrito.<\/p><hr data-start=\"1677\" data-end=\"1680\" \/><h3 data-start=\"1682\" data-end=\"1706\">4. Informaci\u00f3n m\u00e9dica<\/h3><p data-start=\"1708\" data-end=\"1822\">La informaci\u00f3n publicada en este sitio tiene fines informativos y no reemplaza la evaluaci\u00f3n m\u00e9dica personalizada.<\/p><p data-start=\"1824\" data-end=\"1954\">Hospital El Naranjo no se responsabiliza por decisiones tomadas exclusivamente con base en la informaci\u00f3n publicada en este sitio.<\/p><hr data-start=\"1956\" data-end=\"1959\" \/><h3 data-start=\"1961\" data-end=\"1983\">5. Enlaces externos<\/h3><p data-start=\"1985\" data-end=\"2134\">El sitio puede contener enlaces a terceros. Hospital El Naranjo no se hace responsable por el contenido o pol\u00edticas de privacidad de sitios externos.<\/p><hr data-start=\"2136\" data-end=\"2139\" \/><h3 data-start=\"2141\" data-end=\"2161\">6. Modificaciones<\/h3><p data-start=\"2163\" data-end=\"2269\">Hospital El Naranjo se reserva el derecho de actualizar estos T\u00e9rminos y Condiciones en cualquier momento.<\/p><hr data-start=\"2271\" data-end=\"2274\" \/><h3 data-start=\"2276\" data-end=\"2303\">7. Legislaci\u00f3n aplicable<\/h3><p data-start=\"2305\" data-end=\"2388\">Estos t\u00e9rminos se rigen conforme a las leyes vigentes en la Rep\u00fablica de Guatemala.<\/p>\t\t\t\t\t\t\t\t<\/div>\n\t\t\t\t\t<\/div>\n\t\t\t\t<\/div>\n\t\t\t\t<\/div>\n\t\t","protected":false},"excerpt":{"rendered":"<p>T\u00e9rminos y Condiciones 1. Informaci\u00f3n general El presente sitio web es operado por Hospital El Naranjo, instituci\u00f3n de servicios de salud ubicada en Guatemala. Al acceder y utilizar este sitio web, el usuario acepta los presentes T\u00e9rminos y Condiciones. 2. Uso del sitio web El contenido del sitio web tiene car\u00e1cter informativo y est\u00e1 destinado [&hellip;]<\/p>\n","protected":false},"author":2,"featured_media":0,"parent":0,"menu_order":0,"comment_status":"closed","ping_status":"closed","template":"elementor_header_footer","meta":{"footnotes":""},"class_list":["post-3493","page","type-page","status-publish","hentry"],"yoast_head":"<!-- This site is optimized with the Yoast SEO plugin v27.1.1 - https:\/\/yoast.com\/product\/yoast-seo-wordpress\/ -->\n<title>T\u00e9rminos y Condiciones - Hospital El Naranjo<\/title>\n<meta name=\"robots\" content=\"noindex, follow\" \/>\n<meta property=\"og:locale\" content=\"es_ES\" \/>\n<meta property=\"og:type\" content=\"article\" \/>\n<meta property=\"og:title\" content=\"T\u00e9rminos y Condiciones - Hospital El Naranjo\" \/>\n<meta property=\"og:description\" content=\"T\u00e9rminos y Condiciones 1. Informaci\u00f3n general El presente sitio web es operado por Hospital El Naranjo, instituci\u00f3n de servicios de salud ubicada en Guatemala. Al acceder y utilizar este sitio web, el usuario acepta los presentes T\u00e9rminos y Condiciones. 2. Uso del sitio web El contenido del sitio web tiene car\u00e1cter informativo y est\u00e1 destinado [&hellip;]\" \/>\n<meta property=\"og:url\" content=\"https:\/\/www.hospitalelnaranjo.com\/portal\/terminos-y-condiciones\/\" \/>\n<meta property=\"og:site_name\" content=\"Hospital El Naranjo\" \/>\n<meta property=\"article:modified_time\" content=\"2026-02-23T23:01:49+00:00\" \/>\n<meta name=\"twitter:card\" content=\"summary_large_image\" \/>\n<meta name=\"twitter:label1\" content=\"Tiempo de lectura\" \/>\n\t<meta name=\"twitter:data1\" content=\"2 minutos\" \/>\n<script type=\"application\/ld+json\" class=\"yoast-schema-graph\">{\"@context\":\"https:\/\/schema.org\",\"@graph\":[{\"@type\":\"WebPage\",\"@id\":\"https:\/\/www.hospitalelnaranjo.com\/portal\/terminos-y-condiciones\/\",\"url\":\"https:\/\/www.hospitalelnaranjo.com\/portal\/terminos-y-condiciones\/\",\"name\":\"T\u00e9rminos y Condiciones - Hospital El Naranjo\",\"isPartOf\":{\"@id\":\"https:\/\/www.hospitalelnaranjo.com\/portal\/#website\"},\"datePublished\":\"2026-02-23T22:57:47+00:00\",\"dateModified\":\"2026-02-23T23:01:49+00:00\",\"breadcrumb\":{\"@id\":\"https:\/\/www.hospitalelnaranjo.com\/portal\/terminos-y-condiciones\/#breadcrumb\"},\"inLanguage\":\"es\",\"potentialAction\":[{\"@type\":\"ReadAction\",\"target\":[\"https:\/\/www.hospitalelnaranjo.com\/portal\/terminos-y-condiciones\/\"]}]},{\"@type\":\"BreadcrumbList\",\"@id\":\"https:\/\/www.hospitalelnaranjo.com\/portal\/terminos-y-condiciones\/#breadcrumb\",\"itemListElement\":[{\"@type\":\"ListItem\",\"position\":1,\"name\":\"Portada\",\"item\":\"https:\/\/www.hospitalelnaranjo.com\/portal\/\"},{\"@type\":\"ListItem\",\"position\":2,\"name\":\"T\u00e9rminos y Condiciones\"}]},{\"@type\":\"WebSite\",\"@id\":\"https:\/\/www.hospitalelnaranjo.com\/portal\/#website\",\"url\":\"https:\/\/www.hospitalelnaranjo.com\/portal\/\",\"name\":\"Hospital El Naranjo\",\"description\":\"Atenci\u00f3n M\u00e9dica de Calidad e Innovaci\u00f3n en Mixco\",\"publisher\":{\"@id\":\"https:\/\/www.hospitalelnaranjo.com\/portal\/#organization\"},\"potentialAction\":[{\"@type\":\"SearchAction\",\"target\":{\"@type\":\"EntryPoint\",\"urlTemplate\":\"https:\/\/www.hospitalelnaranjo.com\/portal\/?s={search_term_string}\"},\"query-input\":{\"@type\":\"PropertyValueSpecification\",\"valueRequired\":true,\"valueName\":\"search_term_string\"}}],\"inLanguage\":\"es\"},{\"@type\":\"Organization\",\"@id\":\"https:\/\/www.hospitalelnaranjo.com\/portal\/#organization\",\"name\":\"Hospital El Naranjo\",\"url\":\"https:\/\/www.hospitalelnaranjo.com\/portal\/\",\"logo\":{\"@type\":\"ImageObject\",\"inLanguage\":\"es\",\"@id\":\"https:\/\/www.hospitalelnaranjo.com\/portal\/#\/schema\/logo\/image\/\",\"url\":\"https:\/\/www.hospitalelnaranjo.com\/portal\/wp-content\/uploads\/2020\/12\/Group-2-1.png\",\"contentUrl\":\"https:\/\/www.hospitalelnaranjo.com\/portal\/wp-content\/uploads\/2020\/12\/Group-2-1.png\",\"width\":210,\"height\":369,\"caption\":\"Hospital El Naranjo\"},\"image\":{\"@id\":\"https:\/\/www.hospitalelnaranjo.com\/portal\/#\/schema\/logo\/image\/\"}}]}<\/script>\n<!-- \/ Yoast SEO plugin. -->","yoast_head_json":{"title":"T\u00e9rminos y Condiciones - Hospital El Naranjo","robots":{"index":"noindex","follow":"follow"},"og_locale":"es_ES","og_type":"article","og_title":"T\u00e9rminos y Condiciones - Hospital El Naranjo","og_description":"T\u00e9rminos y Condiciones 1. Informaci\u00f3n general El presente sitio web es operado por Hospital El Naranjo, instituci\u00f3n de servicios de salud ubicada en Guatemala. Al acceder y utilizar este sitio web, el usuario acepta los presentes T\u00e9rminos y Condiciones. 2. Uso del sitio web El contenido del sitio web tiene car\u00e1cter informativo y est\u00e1 destinado [&hellip;]","og_url":"https:\/\/www.hospitalelnaranjo.com\/portal\/terminos-y-condiciones\/","og_site_name":"Hospital El Naranjo","article_modified_time":"2026-02-23T23:01:49+00:00","twitter_card":"summary_large_image","twitter_misc":{"Tiempo de lectura":"2 minutos"},"schema":{"@context":"https:\/\/schema.org","@graph":[{"@type":"WebPage","@id":"https:\/\/www.hospitalelnaranjo.com\/portal\/terminos-y-condiciones\/","url":"https:\/\/www.hospitalelnaranjo.com\/portal\/terminos-y-condiciones\/","name":"T\u00e9rminos y Condiciones - Hospital El Naranjo","isPartOf":{"@id":"https:\/\/www.hospitalelnaranjo.com\/portal\/#website"},"datePublished":"2026-02-23T22:57:47+00:00","dateModified":"2026-02-23T23:01:49+00:00","breadcrumb":{"@id":"https:\/\/www.hospitalelnaranjo.com\/portal\/terminos-y-condiciones\/#breadcrumb"},"inLanguage":"es","potentialAction":[{"@type":"ReadAction","target":["https:\/\/www.hospitalelnaranjo.com\/portal\/terminos-y-condiciones\/"]}]},{"@type":"BreadcrumbList","@id":"https:\/\/www.hospitalelnaranjo.com\/portal\/terminos-y-condiciones\/#breadcrumb","itemListElement":[{"@type":"ListItem","position":1,"name":"Portada","item":"https:\/\/www.hospitalelnaranjo.com\/portal\/"},{"@type":"ListItem","position":2,"name":"T\u00e9rminos y Condiciones"}]},{"@type":"WebSite","@id":"https:\/\/www.hospitalelnaranjo.com\/portal\/#website","url":"https:\/\/www.hospitalelnaranjo.com\/portal\/","name":"Hospital El Naranjo","description":"Atenci\u00f3n M\u00e9dica de Calidad e Innovaci\u00f3n en Mixco","publisher":{"@id":"https:\/\/www.hospitalelnaranjo.com\/portal\/#organization"},"potentialAction":[{"@type":"SearchAction","target":{"@type":"EntryPoint","urlTemplate":"https:\/\/www.hospitalelnaranjo.com\/portal\/?s={search_term_string}"},"query-input":{"@type":"PropertyValueSpecification","valueRequired":true,"valueName":"search_term_string"}}],"inLanguage":"es"},{"@type":"Organization","@id":"https:\/\/www.hospitalelnaranjo.com\/portal\/#organization","name":"Hospital El Naranjo","url":"https:\/\/www.hospitalelnaranjo.com\/portal\/","logo":{"@type":"ImageObject","inLanguage":"es","@id":"https:\/\/www.hospitalelnaranjo.com\/portal\/#\/schema\/logo\/image\/","url":"https:\/\/www.hospitalelnaranjo.com\/portal\/wp-content\/uploads\/2020\/12\/Group-2-1.png","contentUrl":"https:\/\/www.hospitalelnaranjo.com\/portal\/wp-content\/uploads\/2020\/12\/Group-2-1.png","width":210,"height":369,"caption":"Hospital El Naranjo"},"image":{"@id":"https:\/\/www.hospitalelnaranjo.com\/portal\/#\/schema\/logo\/image\/"}}]}},"_links":{"self":[{"href":"https:\/\/www.hospitalelnaranjo.com\/portal\/wp-json\/wp\/v2\/pages\/3493","targetHints":{"allow":["GET"]}}],"collection":[{"href":"https:\/\/www.hospitalelnaranjo.com\/portal\/wp-json\/wp\/v2\/pages"}],"about":[{"href":"https:\/\/www.hospitalelnaranjo.com\/portal\/wp-json\/wp\/v2\/types\/page"}],"author":[{"embeddable":true,"href":"https:\/\/www.hospitalelnaranjo.com\/portal\/wp-json\/wp\/v2\/users\/2"}],"replies":[{"embeddable":true,"href":"https:\/\/www.hospitalelnaranjo.com\/portal\/wp-json\/wp\/v2\/comments?post=3493"}],"version-history":[{"count":4,"href":"https:\/\/www.hospitalelnaranjo.com\/portal\/wp-json\/wp\/v2\/pages\/3493\/revisions"}],"predecessor-version":[{"id":3498,"href":"https:\/\/www.hospitalelnaranjo.com\/portal\/wp-json\/wp\/v2\/pages\/3493\/revisions\/3498"}],"wp:attachment":[{"href":"https:\/\/www.hospitalelnaranjo.com\/portal\/wp-json\/wp\/v2\/media?parent=3493"}],"curies":[{"name":"wp","href":"https:\/\/api.w.org\/{rel}","templated":true}]}}